{"id":2,"date":"2022-02-20T18:05:37","date_gmt":"2022-02-20T18:05:37","guid":{"rendered":"http:\/\/adaianlima.com.br\/?page_id=2"},"modified":"2025-11-04T23:17:46","modified_gmt":"2025-11-04T23:17:46","slug":"conhecaadaianlima","status":"publish","type":"page","link":"https:\/\/adaianlima.com.br\/index.php\/conhecaadaianlima\/","title":{"rendered":"perfil"},"content":{"rendered":"\t\t<div data-elementor-type=\"wp-page\" data-elementor-id=\"2\" class=\"elementor elementor-2\">\n\t\t\t\t\t\t\t\t\t<section class=\"elementor-section elementor-top-section elementor-element elementor-element-075c23d elementor-section-height-min-height elementor-section-boxed elementor-section-height-default elementor-section-items-middle\" data-id=\"075c23d\" data-element_type=\"section\" data-settings=\"{&quot;background_background&quot;:&quot;classic&quot;}\">\n\t\t\t\t\t\t\t<div class=\"elementor-background-overlay\"><\/div>\n\t\t\t\t\t\t\t<div class=\"elementor-container elementor-column-gap-no\">\n\t\t\t\t\t<div class=\"elementor-column elementor-col-50 elementor-top-column elementor-element elementor-element-2da9568\" data-id=\"2da9568\" data-element_type=\"column\">\n\t\t\t<div class=\"elementor-widget-wrap elementor-element-populated\">\n\t\t\t\t\t\t\t\t<div class=\"elementor-element elementor-element-d985eb1 elementor-widget elementor-widget-image\" data-id=\"d985eb1\" data-element_type=\"widget\" data-widget_type=\"image.default\">\n\t\t\t\t<div class=\"elementor-widget-container\">\n\t\t\t<style>\/*! elementor - v3.6.4 - 13-04-2022 *\/\n.elementor-widget-image{text-align:center}.elementor-widget-image a{display:inline-block}.elementor-widget-image a img[src$=\".svg\"]{width:48px}.elementor-widget-image img{vertical-align:middle;display:inline-block}<\/style>\t\t\t\t\t\t\t\t\t\t\t\t\t<a href=\"http:\/\/www.adaianlima.com.br\">\n\t\t\t\t\t\t\t<img width=\"150\" height=\"150\" src=\"https:\/\/adaianlima.com.br\/wp-content\/uploads\/2022\/02\/logo1-150x150.png\" class=\"attachment-thumbnail size-thumbnail\" alt=\"\" loading=\"lazy\" \/>\t\t\t\t\t\t\t\t<\/a>\n\t\t\t\t\t\t\t\t\t\t\t\t\t\t\t<\/div>\n\t\t\t\t<\/div>\n\t\t\t\t\t<\/div>\n\t\t<\/div>\n\t\t\t\t<div class=\"elementor-column elementor-col-50 elementor-top-column elementor-element elementor-element-997c2c0\" data-id=\"997c2c0\" data-element_type=\"column\">\n\t\t\t<div class=\"elementor-widget-wrap elementor-element-populated\">\n\t\t\t\t\t\t\t\t<div class=\"elementor-element elementor-element-e335901 elementor-widget elementor-widget-heading\" data-id=\"e335901\" data-element_type=\"widget\" data-widget_type=\"heading.default\">\n\t\t\t\t<div class=\"elementor-widget-container\">\n\t\t\t<style>\/*! elementor - v3.6.4 - 13-04-2022 *\/\n.elementor-heading-title{padding:0;margin:0;line-height:1}.elementor-widget-heading .elementor-heading-title[class*=elementor-size-]>a{color:inherit;font-size:inherit;line-height:inherit}.elementor-widget-heading .elementor-heading-title.elementor-size-small{font-size:15px}.elementor-widget-heading .elementor-heading-title.elementor-size-medium{font-size:19px}.elementor-widget-heading .elementor-heading-title.elementor-size-large{font-size:29px}.elementor-widget-heading .elementor-heading-title.elementor-size-xl{font-size:39px}.elementor-widget-heading .elementor-heading-title.elementor-size-xxl{font-size:59px}<\/style><h4 class=\"elementor-heading-title elementor-size-default\">Conhe\u00e7a o Dr. Adaian Lima<\/h4>\t\t<\/div>\n\t\t\t\t<\/div>\n\t\t\t\t\t<\/div>\n\t\t<\/div>\n\t\t\t\t\t\t\t<\/div>\n\t\t<\/section>\n\t\t\t\t<section class=\"elementor-section elementor-top-section elementor-element elementor-element-d2a0d8c elementor-section-height-min-height elementor-section-boxed elementor-section-height-default elementor-section-items-middle\" data-id=\"d2a0d8c\" data-element_type=\"section\">\n\t\t\t\t\t\t<div class=\"elementor-container elementor-column-gap-default\">\n\t\t\t\t\t<div class=\"elementor-column elementor-col-100 elementor-top-column elementor-element elementor-element-35434b7\" data-id=\"35434b7\" data-element_type=\"column\">\n\t\t\t<div class=\"elementor-widget-wrap\">\n\t\t\t\t\t\t\t\t\t<\/div>\n\t\t<\/div>\n\t\t\t\t\t\t\t<\/div>\n\t\t<\/section>\n\t\t\t\t<section class=\"elementor-section elementor-top-section elementor-element elementor-element-e5c477e elementor-section-boxed elementor-section-height-default elementor-section-height-default\" data-id=\"e5c477e\" data-element_type=\"section\">\n\t\t\t\t\t\t\t<div class=\"elementor-background-overlay\"><\/div>\n\t\t\t\t\t\t\t<div class=\"elementor-container elementor-column-gap-custom\">\n\t\t\t\t\t<div class=\"elementor-column elementor-col-50 elementor-top-column elementor-element elementor-element-749b338\" data-id=\"749b338\" data-element_type=\"column\">\n\t\t\t<div class=\"elementor-widget-wrap elementor-element-populated\">\n\t\t\t\t\t\t\t\t<div class=\"elementor-element elementor-element-b2367ae elementor-widget elementor-widget-image\" data-id=\"b2367ae\" data-element_type=\"widget\" data-widget_type=\"image.default\">\n\t\t\t\t<div class=\"elementor-widget-container\">\n\t\t\t\t\t\t\t\t\t\t\t\t\t\t\t<img width=\"281\" height=\"300\" src=\"https:\/\/adaianlima.com.br\/wp-content\/uploads\/2022\/04\/foro-281x300.jpg\" class=\"attachment-medium size-medium\" alt=\"\" loading=\"lazy\" srcset=\"https:\/\/adaianlima.com.br\/wp-content\/uploads\/2022\/04\/foro-281x300.jpg 281w, https:\/\/adaianlima.com.br\/wp-content\/uploads\/2022\/04\/foro.jpg 736w\" sizes=\"(max-width: 281px) 100vw, 281px\" \/>\t\t\t\t\t\t\t\t\t\t\t\t\t\t\t<\/div>\n\t\t\t\t<\/div>\n\t\t\t\t\t<\/div>\n\t\t<\/div>\n\t\t\t\t<div class=\"elementor-column elementor-col-50 elementor-top-column elementor-element elementor-element-e3a78ae\" data-id=\"e3a78ae\" data-element_type=\"column\">\n\t\t\t<div class=\"elementor-widget-wrap elementor-element-populated\">\n\t\t\t\t\t\t\t\t<div class=\"elementor-element elementor-element-615f1e9 elementor-widget__width-initial elementor-widget elementor-widget-text-editor\" data-id=\"615f1e9\" data-element_type=\"widget\" data-widget_type=\"text-editor.default\">\n\t\t\t\t<div class=\"elementor-widget-container\">\n\t\t\t<style>\/*! elementor - v3.6.4 - 13-04-2022 *\/\n.elementor-widget-text-editor.elementor-drop-cap-view-stacked .elementor-drop-cap{background-color:#818a91;color:#fff}.elementor-widget-text-editor.elementor-drop-cap-view-framed .elementor-drop-cap{color:#818a91;border:3px solid;background-color:transparent}.elementor-widget-text-editor:not(.elementor-drop-cap-view-default) .elementor-drop-cap{margin-top:8px}.elementor-widget-text-editor:not(.elementor-drop-cap-view-default) .elementor-drop-cap-letter{width:1em;height:1em}.elementor-widget-text-editor .elementor-drop-cap{float:left;text-align:center;line-height:1;font-size:50px}.elementor-widget-text-editor .elementor-drop-cap-letter{display:inline-block}<\/style>\t\t\t\t<p>Adaian Lima de Souza &#8211; Autista, pai de autista, Ativista, Presidente Nacional da Comiss\u00e3o de Deficientes da Abracrim, IMORTAL, (Natural de Macap\u00e1 &#8211; AP 10 de Dezembro de 1975), criado na Cidade de Porto Grande AP), \u00e9 T\u00e9cnico em Administra\u00e7\u00e3o, T\u00e9cnico em Transa\u00e7\u00f5es Imobili\u00e1rias, Economista, Advogado Criminalista, Especialista em Direito Eleitoral, planejamento de campanha e Direito P\u00fablico \/ Administrativo, Doutor Honoris Causa, Apresentador do Quadro o Doutor Adaian Lima Responde no Programa Janete Silva (ao vivo), Comendador, Recebedor de v\u00e1rias honrarias e comendas, tais como: T\u00edtulo de Grande Honra; Comenda M\u00e9rito Liter\u00e1rio Gon\u00e7alves Dias; Senador Cultural no Estado do Amap\u00e1 e Par\u00e1; Grande Pr\u00eamio Internacional de Literatura Machado de Assis; Comenda L\u00e1urea Acad\u00eamica Qualidade de Ouro; Personalidade do Ano de 2019; M\u00e9rito Cultural como Paladino da Cultura na Regi\u00e3o Centro-Oeste; DOUTOR HONORIS CAUSA EM CI\u00caNCIAS JUR\u00cdDICAS na data de 23\/08\/2019; DOUTOR HONORIS CAUSA &#8211; ONU &#8211; World Organization Of Human Rights Defenders Reg. n. 10221\/Protocolo 13131 (25\/07\/2020); DOUTOR HONORIS CAUSA pela UNESCAP\/BRASILIA\/DF, pela terceira vez\/ 19\/06\/2021; DOUTOR HONORIS CAUSA EM CI\u00caNCIAS JUR\u00cdDICAS pela segunda vez em 25\/09\/2021; Comenda Brava Gente Brasileira; Comenda Vit\u00f3ria-R\u00e9gia Febacla;; Acad\u00eamico Correspondente IMORTAL Cadeira 41 FEBACLA, 07\/12\/2019; Comenda Gr\u00e3-Cruz DIPLOMATA RUY BARBOSA &#8220;O \u00c1guia de Haia&#8221; e Comenda INTERNACIONAL DIPLOMATA RUY BARBOSA &#8220;O \u00c1guia de Haia&#8221; ; Comenda Gr\u00e3-Cruz DOM PEDRO I, &#8220;O Imperador do Brasil&#8221;; Comenda Gr\u00e3-Cruz DIPLOMATA BAR\u00c3O DO RIO BRANCO; Comenda DIPLOMATA JOAQUIM NABUCO; Paladino da Cultura Nacional; Comenda Sete Maravilhas do Mundo Moderno; Benfeitor das Ci\u00eancias Letras e Artes; Recebedor da Mo\u00e7\u00e3o de Honra ao M\u00e9rito Pelo Pr\u00edncipe Dom ALexandre; Acad\u00eamico Nacional de Grande Honra, CADEIRA 67 (Patrono Paulo Silvino)IMORTAL; T\u00edtulo de Personalidade do Ano de 2020; PALADINO DOS DIREITOS HUMANOS \/ ONU \/OMDDH; Destaque Social 2019; Destaque Cultural 2019; Recebedor da Medalha Comemorativa ao 170 Anos de Nascimento do Diplomata Ruy Barbosa &#8220;O \u00c1guia de Haia&#8221;; EMBAIXADOR DA PAZ \/ ONU &#8211; World Organization Of Human Rights Defenders Reg. n. 10221\/Protocolo 13131; EMBAIXADOR IMORTAL da PAZ, Cadeira 07 &#8211; &#8220;Legatus Immortales in Pace&#8221; , no Grau Honra e Posi\u00e7\u00e3o.<\/p>\t\t\t\t\t\t<\/div>\n\t\t\t\t<\/div>\n\t\t\t\t\t<\/div>\n\t\t<\/div>\n\t\t\t\t\t\t\t<\/div>\n\t\t<\/section>\n\t\t\t\t<section class=\"elementor-section elementor-top-section elementor-element elementor-element-b243906 elementor-section-height-min-height elementor-section-boxed elementor-section-height-default elementor-section-items-middle\" data-id=\"b243906\" data-element_type=\"section\">\n\t\t\t\t\t\t<div class=\"elementor-container elementor-column-gap-default\">\n\t\t\t\t\t<div class=\"elementor-column elementor-col-100 elementor-top-column elementor-element elementor-element-c096eea\" data-id=\"c096eea\" data-element_type=\"column\">\n\t\t\t<div class=\"elementor-widget-wrap\">\n\t\t\t\t\t\t\t\t\t<\/div>\n\t\t<\/div>\n\t\t\t\t\t\t\t<\/div>\n\t\t<\/section>\n\t\t\t\t<section class=\"elementor-section elementor-top-section elementor-element elementor-element-b86d1c5 elementor-section-full_width elementor-section-height-min-height elementor-section-height-default elementor-section-items-middle\" data-id=\"b86d1c5\" data-element_type=\"section\" data-settings=\"{&quot;background_background&quot;:&quot;classic&quot;}\">\n\t\t\t\t\t\t<div class=\"elementor-container elementor-column-gap-default\">\n\t\t\t\t\t<div class=\"elementor-column elementor-col-100 elementor-top-column elementor-element elementor-element-325814d\" data-id=\"325814d\" data-element_type=\"column\">\n\t\t\t<div class=\"elementor-widget-wrap\">\n\t\t\t\t\t\t\t\t\t<\/div>\n\t\t<\/div>\n\t\t\t\t\t\t\t<\/div>\n\t\t<\/section>\n\t\t\t\t\t\t\t<\/div>\n\t\t","protected":false},"excerpt":{"rendered":"<p>Conhe\u00e7a o Dr. Adaian Lima Adaian Lima de Souza &#8211; Autista, pai de autista, Ativista, Presidente Nacional da Comiss\u00e3o de Deficientes da Abracrim, IMORTAL, (Natural de Macap\u00e1 &#8211; AP 10 de Dezembro de 1975), criado na Cidade de Porto Grande AP), \u00e9 T\u00e9cnico em Administra\u00e7\u00e3o, T\u00e9cnico em Transa\u00e7\u00f5es Imobili\u00e1rias, Economista, Advogado Criminalista, Especialista em Direito [&hellip;]<\/p>\n","protected":false},"author":1,"featured_media":0,"parent":0,"menu_order":0,"comment_status":"closed","ping_status":"open","template":"elementor_canvas","meta":[],"_links":{"self":[{"href":"https:\/\/adaianlima.com.br\/index.php\/wp-json\/wp\/v2\/pages\/2"}],"collection":[{"href":"https:\/\/adaianlima.com.br\/index.php\/wp-json\/wp\/v2\/pages"}],"about":[{"href":"https:\/\/adaianlima.com.br\/index.php\/wp-json\/wp\/v2\/types\/page"}],"author":[{"embeddable":true,"href":"https:\/\/adaianlima.com.br\/index.php\/wp-json\/wp\/v2\/users\/1"}],"replies":[{"embeddable":true,"href":"https:\/\/adaianlima.com.br\/index.php\/wp-json\/wp\/v2\/comments?post=2"}],"version-history":[{"count":101,"href":"https:\/\/adaianlima.com.br\/index.php\/wp-json\/wp\/v2\/pages\/2\/revisions"}],"predecessor-version":[{"id":515,"href":"https:\/\/adaianlima.com.br\/index.php\/wp-json\/wp\/v2\/pages\/2\/revisions\/515"}],"wp:attachment":[{"href":"https:\/\/adaianlima.com.br\/index.php\/wp-json\/wp\/v2\/media?parent=2"}],"curies":[{"name":"wp","href":"https:\/\/api.w.org\/{rel}","templated":true}]}}